{"id":15907,"date":"2024-11-18T15:09:16","date_gmt":"2024-11-18T14:09:16","guid":{"rendered":"https:\/\/shopleferre.com\/?post_type=product&#038;p=15907"},"modified":"2024-12-10T12:37:56","modified_gmt":"2024-12-10T11:37:56","slug":"ostuni-025-aromatizzati","status":"publish","type":"product","link":"https:\/\/shopleferre.com\/en\/prodotto\/ostuni-025-aromatizzati\/","title":{"rendered":"Ostuni 025 \u201cAromatizzati\u201d"},"content":{"rendered":"<p><span style=\"font-family: Times New Roman, serif\"><span style=\"color: #656766\"><span style=\"font-family: Arial, serif\"><span style=\"font-size: medium\">Una cartolina dalla Puglia, con i profumi e sapori mediterranei in extravergine d\u2019oliva: <\/span><\/span><\/span><span style=\"color: #656766\"><span style=\"font-family: Arial, serif\"><span style=\"font-size: medium\"><b>Puglia di Le Ferre<\/b><\/span><\/span><\/span><span style=\"color: #656766\"><span style=\"font-family: Arial, serif\"><span style=\"font-size: medium\">\u00a0\u00e8 una confezione che con i suoi prodotti, la sua illustrazione e citazione \u00e8 omaggio alla terra di Puglia, alle sue bellezze pi\u00f9 rappresentative e alle bont\u00e0 da portar via, come ricordo di viaggio. <\/span><\/span><\/span><\/span><\/p>\n<p><strong><span style=\"font-family: Times New Roman, serif\"><span style=\"color: #656766\"><span style=\"font-family: Arial, serif\"><span style=\"font-size: medium\">FORMATI<\/span><\/span><\/span><\/span><\/strong><\/p>\n<p><span style=\"font-family: Times New Roman, serif\"><span style=\"color: #656766\"><span style=\"font-family: Arial, serif\"><span style=\"font-size: medium\">Confezione con:<br \/>\nn\u00b0 1 bottiglie da 0,25L di condimento aromatizzato all&#8217; Arancia in olio extravergine d\u2019oliva<br \/>\nn\u00b0 1 bottiglie da 0,25L di condimento aromatizzato al Mandarino in olio extravergine d\u2019oliva<br \/>\nn\u00b0 1 bottiglie da 0,25L di condimento aromatizzato all&#8217; Alloro in olio extravergine d\u2019oliva<br \/>\nn\u00b0 1 bottiglie da 0,25L di condimento aromatizzato al Rosmarino in olio extravergine d\u2019oliva<br \/>\nn\u00b0 1 bottiglie da 0,25L di condimento aromatizzato al Timo in olio extravergine d\u2019oliva<br \/>\nn\u00b0 1 bottiglie da 0,25L di condimento aromatizzato all&#8217; Origano in olio extravergine d\u2019oliva<\/span><\/span><\/span><\/span><\/p>","protected":false},"excerpt":{"rendered":"<p>Gift bag with Leccino, Multivarietale, Frantoio, Picholine, Coratina of 0,10 L<\/p>\n","protected":false},"featured_media":15908,"template":"","meta":{"inline_featured_image":false},"product_cat":[1686,723],"product_tag":[],"giftcard-category":[],"class_list":["post-15907","product","type-product","status-publish","has-post-thumbnail","hentry","product_cat-puglia","product_cat-gift-card"],"yoast_head":"<!-- This site is optimized with the Yoast SEO plugin v26.7 - https:\/\/yoast.com\/wordpress\/plugins\/seo\/ -->\n<title>Ostuni 025 \u201cAromatizzati\u201d - Shop Le Ferre<\/title>\n<meta name=\"robots\" content=\"index, follow, max-snippet:-1, max-image-preview:large, max-video-preview:-1\" \/>\n<link rel=\"canonical\" href=\"https:\/\/shopleferre.com\/prodotto\/ostuni-025-aromatizzati\/\" \/>\n<meta property=\"og:locale\" content=\"en_US\" \/>\n<meta property=\"og:type\" content=\"article\" \/>\n<meta property=\"og:title\" content=\"Ostuni 025 \u201cAromatizzati\u201d - Shop Le Ferre\" \/>\n<meta property=\"og:description\" content=\"[:it]Confezione con n.3 Condimenti Aromatizzati in extravergine da 0,25 L[:en]Gift bag with Leccino, Multivarietale, Frantoio, Picholine, Coratina of 0,10 L[:]\" \/>\n<meta property=\"og:url\" content=\"https:\/\/shopleferre.com\/prodotto\/ostuni-025-aromatizzati\/\" \/>\n<meta property=\"og:site_name\" content=\"Shop Le Ferre\" \/>\n<meta property=\"article:modified_time\" content=\"2024-12-10T11:37:56+00:00\" \/>\n<meta property=\"og:image\" content=\"https:\/\/shopleferre.com\/wp-content\/uploads\/2024\/11\/ostuni_aromatizzati.png\" \/>\n\t<meta property=\"og:image:width\" content=\"1200\" \/>\n\t<meta property=\"og:image:height\" content=\"1127\" \/>\n\t<meta property=\"og:image:type\" content=\"image\/png\" \/>\n<meta name=\"twitter:card\" content=\"summary_large_image\" \/>\n<meta name=\"twitter:label1\" content=\"Est. reading time\" \/>\n\t<meta name=\"twitter:data1\" content=\"1 minute\" \/>\n<script type=\"application\/ld+json\" class=\"yoast-schema-graph\">{\"@context\":\"https:\/\/schema.org\",\"@graph\":[{\"@type\":\"WebPage\",\"@id\":\"https:\/\/shopleferre.com\/prodotto\/ostuni-025-aromatizzati\/\",\"url\":\"https:\/\/shopleferre.com\/prodotto\/ostuni-025-aromatizzati\/\",\"name\":\"Ostuni 025 \u201cAromatizzati\u201d - Shop Le Ferre\",\"isPartOf\":{\"@id\":\"https:\/\/shopleferre.com\/#website\"},\"primaryImageOfPage\":{\"@id\":\"https:\/\/shopleferre.com\/prodotto\/ostuni-025-aromatizzati\/#primaryimage\"},\"image\":{\"@id\":\"https:\/\/shopleferre.com\/prodotto\/ostuni-025-aromatizzati\/#primaryimage\"},\"thumbnailUrl\":\"https:\/\/shopleferre.com\/wp-content\/uploads\/2024\/11\/ostuni_aromatizzati.png\",\"datePublished\":\"2024-11-18T14:09:16+00:00\",\"dateModified\":\"2024-12-10T11:37:56+00:00\",\"breadcrumb\":{\"@id\":\"https:\/\/shopleferre.com\/prodotto\/ostuni-025-aromatizzati\/#breadcrumb\"},\"inLanguage\":\"en-US\",\"potentialAction\":[{\"@type\":\"ReadAction\",\"target\":[\"https:\/\/shopleferre.com\/prodotto\/ostuni-025-aromatizzati\/\"]}]},{\"@type\":\"ImageObject\",\"inLanguage\":\"en-US\",\"@id\":\"https:\/\/shopleferre.com\/prodotto\/ostuni-025-aromatizzati\/#primaryimage\",\"url\":\"https:\/\/shopleferre.com\/wp-content\/uploads\/2024\/11\/ostuni_aromatizzati.png\",\"contentUrl\":\"https:\/\/shopleferre.com\/wp-content\/uploads\/2024\/11\/ostuni_aromatizzati.png\",\"width\":1200,\"height\":1127},{\"@type\":\"BreadcrumbList\",\"@id\":\"https:\/\/shopleferre.com\/prodotto\/ostuni-025-aromatizzati\/#breadcrumb\",\"itemListElement\":[{\"@type\":\"ListItem\",\"position\":1,\"name\":\"Home\",\"item\":\"https:\/\/shopleferre.com\/\"},{\"@type\":\"ListItem\",\"position\":2,\"name\":\"Shop\",\"item\":\"https:\/\/shopleferre.com\/shop-2\/\"},{\"@type\":\"ListItem\",\"position\":3,\"name\":\"Ostuni 025 \u201cAromatizzati\u201d\"}]},{\"@type\":\"WebSite\",\"@id\":\"https:\/\/shopleferre.com\/#website\",\"url\":\"https:\/\/shopleferre.com\/\",\"name\":\"Shop Le Ferre\",\"description\":\"\",\"publisher\":{\"@id\":\"https:\/\/shopleferre.com\/#organization\"},\"potentialAction\":[{\"@type\":\"SearchAction\",\"target\":{\"@type\":\"EntryPoint\",\"urlTemplate\":\"https:\/\/shopleferre.com\/?s={search_term_string}\"},\"query-input\":{\"@type\":\"PropertyValueSpecification\",\"valueRequired\":true,\"valueName\":\"search_term_string\"}}],\"inLanguage\":\"en-US\"},{\"@type\":\"Organization\",\"@id\":\"https:\/\/shopleferre.com\/#organization\",\"name\":\"Shop Le Ferre\",\"url\":\"https:\/\/shopleferre.com\/\",\"logo\":{\"@type\":\"ImageObject\",\"inLanguage\":\"en-US\",\"@id\":\"https:\/\/shopleferre.com\/#\/schema\/logo\/image\/\",\"url\":\"https:\/\/shopleferre.com\/wp-content\/uploads\/2022\/06\/cropped-black-1.png\",\"contentUrl\":\"https:\/\/shopleferre.com\/wp-content\/uploads\/2022\/06\/cropped-black-1.png\",\"width\":144,\"height\":96,\"caption\":\"Shop Le Ferre\"},\"image\":{\"@id\":\"https:\/\/shopleferre.com\/#\/schema\/logo\/image\/\"}}]}<\/script>\n<!-- \/ Yoast SEO plugin. -->","yoast_head_json":{"title":"Ostuni 025 \u201cAromatizzati\u201d - Shop Le Ferre","robots":{"index":"index","follow":"follow","max-snippet":"max-snippet:-1","max-image-preview":"max-image-preview:large","max-video-preview":"max-video-preview:-1"},"canonical":"https:\/\/shopleferre.com\/prodotto\/ostuni-025-aromatizzati\/","og_locale":"en_US","og_type":"article","og_title":"Ostuni 025 \u201cAromatizzati\u201d - Shop Le Ferre","og_description":"[:it]Confezione con n.3 Condimenti Aromatizzati in extravergine da 0,25 L[:en]Gift bag with Leccino, Multivarietale, Frantoio, Picholine, Coratina of 0,10 L[:]","og_url":"https:\/\/shopleferre.com\/prodotto\/ostuni-025-aromatizzati\/","og_site_name":"Shop Le Ferre","article_modified_time":"2024-12-10T11:37:56+00:00","og_image":[{"width":1200,"height":1127,"url":"https:\/\/shopleferre.com\/wp-content\/uploads\/2024\/11\/ostuni_aromatizzati.png","type":"image\/png"}],"twitter_card":"summary_large_image","twitter_misc":{"Est. reading time":"1 minute"},"schema":{"@context":"https:\/\/schema.org","@graph":[{"@type":"WebPage","@id":"https:\/\/shopleferre.com\/prodotto\/ostuni-025-aromatizzati\/","url":"https:\/\/shopleferre.com\/prodotto\/ostuni-025-aromatizzati\/","name":"Ostuni 025 \u201cAromatizzati\u201d - Shop Le Ferre","isPartOf":{"@id":"https:\/\/shopleferre.com\/#website"},"primaryImageOfPage":{"@id":"https:\/\/shopleferre.com\/prodotto\/ostuni-025-aromatizzati\/#primaryimage"},"image":{"@id":"https:\/\/shopleferre.com\/prodotto\/ostuni-025-aromatizzati\/#primaryimage"},"thumbnailUrl":"https:\/\/shopleferre.com\/wp-content\/uploads\/2024\/11\/ostuni_aromatizzati.png","datePublished":"2024-11-18T14:09:16+00:00","dateModified":"2024-12-10T11:37:56+00:00","breadcrumb":{"@id":"https:\/\/shopleferre.com\/prodotto\/ostuni-025-aromatizzati\/#breadcrumb"},"inLanguage":"en-US","potentialAction":[{"@type":"ReadAction","target":["https:\/\/shopleferre.com\/prodotto\/ostuni-025-aromatizzati\/"]}]},{"@type":"ImageObject","inLanguage":"en-US","@id":"https:\/\/shopleferre.com\/prodotto\/ostuni-025-aromatizzati\/#primaryimage","url":"https:\/\/shopleferre.com\/wp-content\/uploads\/2024\/11\/ostuni_aromatizzati.png","contentUrl":"https:\/\/shopleferre.com\/wp-content\/uploads\/2024\/11\/ostuni_aromatizzati.png","width":1200,"height":1127},{"@type":"BreadcrumbList","@id":"https:\/\/shopleferre.com\/prodotto\/ostuni-025-aromatizzati\/#breadcrumb","itemListElement":[{"@type":"ListItem","position":1,"name":"Home","item":"https:\/\/shopleferre.com\/"},{"@type":"ListItem","position":2,"name":"Shop","item":"https:\/\/shopleferre.com\/shop-2\/"},{"@type":"ListItem","position":3,"name":"Ostuni 025 \u201cAromatizzati\u201d"}]},{"@type":"WebSite","@id":"https:\/\/shopleferre.com\/#website","url":"https:\/\/shopleferre.com\/","name":"Shop Le Ferre","description":"","publisher":{"@id":"https:\/\/shopleferre.com\/#organization"},"potentialAction":[{"@type":"SearchAction","target":{"@type":"EntryPoint","urlTemplate":"https:\/\/shopleferre.com\/?s={search_term_string}"},"query-input":{"@type":"PropertyValueSpecification","valueRequired":true,"valueName":"search_term_string"}}],"inLanguage":"en-US"},{"@type":"Organization","@id":"https:\/\/shopleferre.com\/#organization","name":"Shop Le Ferre","url":"https:\/\/shopleferre.com\/","logo":{"@type":"ImageObject","inLanguage":"en-US","@id":"https:\/\/shopleferre.com\/#\/schema\/logo\/image\/","url":"https:\/\/shopleferre.com\/wp-content\/uploads\/2022\/06\/cropped-black-1.png","contentUrl":"https:\/\/shopleferre.com\/wp-content\/uploads\/2022\/06\/cropped-black-1.png","width":144,"height":96,"caption":"Shop Le Ferre"},"image":{"@id":"https:\/\/shopleferre.com\/#\/schema\/logo\/image\/"}}]}},"_links":{"self":[{"href":"https:\/\/shopleferre.com\/en\/wp-json\/wp\/v2\/product\/15907","targetHints":{"allow":["GET"]}}],"collection":[{"href":"https:\/\/shopleferre.com\/en\/wp-json\/wp\/v2\/product"}],"about":[{"href":"https:\/\/shopleferre.com\/en\/wp-json\/wp\/v2\/types\/product"}],"wp:featuredmedia":[{"embeddable":true,"href":"https:\/\/shopleferre.com\/en\/wp-json\/wp\/v2\/media\/15908"}],"wp:attachment":[{"href":"https:\/\/shopleferre.com\/en\/wp-json\/wp\/v2\/media?parent=15907"}],"wp:term":[{"taxonomy":"product_cat","embeddable":true,"href":"https:\/\/shopleferre.com\/en\/wp-json\/wp\/v2\/product_cat?post=15907"},{"taxonomy":"product_tag","embeddable":true,"href":"https:\/\/shopleferre.com\/en\/wp-json\/wp\/v2\/product_tag?post=15907"},{"taxonomy":"giftcard-category","embeddable":true,"href":"https:\/\/shopleferre.com\/en\/wp-json\/wp\/v2\/giftcard-category?post=15907"}],"curies":[{"name":"wp","href":"https:\/\/api.w.org\/{rel}","templated":true}]}}